{"id":1797,"date":"2023-07-07T15:25:40","date_gmt":"2023-07-07T13:25:40","guid":{"rendered":"https:\/\/visit-anagram.de\/?page_id=1797"},"modified":"2023-08-04T14:10:47","modified_gmt":"2023-08-04T12:10:47","slug":"produktdarstellungen","status":"publish","type":"page","link":"https:\/\/visit-anagram.de\/de\/home\/produktdarstellungen\/","title":{"rendered":"produktdarstellungen"},"content":{"rendered":"\n\t<div id=\"gap-525597335\" class=\"gap-element clearfix\" style=\"display:block; height:auto;\">\n\t\t\n<style>\n#gap-525597335 {\n  padding-top: 30px;\n}\n<\/style>\n\t<\/div>\n\t\n\n\n\t<section class=\"section\" id=\"section_1116667630\">\n\t\t<div class=\"section-bg fill\" >\n\t\t\t<img loading=\"lazy\" decoding=\"async\" width=\"1586\" height=\"676\" src=\"https:\/\/visit-anagram.de\/wp-content\/uploads\/2023\/07\/Bildschirmfoto-2023-07-07-um-15.25.48.png\" class=\"bg attachment-original size-original\" alt=\"\" \/>\t\t\t\t\t\t\n\t\t\t\n\n\t\t<\/div>\n\n\t\t\n\n\t\t<div class=\"section-content relative\">\n\t\t\t\n\n<div class=\"slider-wrapper relative\" id=\"slider-1964445734\" >\n    <div class=\"slider slider-nav-circle slider-nav-large slider-nav-light slider-style-normal\"\n        data-flickity-options='{\n            \"cellAlign\": \"center\",\n            \"imagesLoaded\": true,\n            \"lazyLoad\": 1,\n            \"freeScroll\": false,\n            \"wrapAround\": true,\n            \"autoPlay\": 2000,\n            \"pauseAutoPlayOnHover\" : true,\n            \"prevNextButtons\": true,\n            \"contain\" : true,\n            \"adaptiveHeight\" : true,\n            \"dragThreshold\" : 10,\n            \"percentPosition\": true,\n            \"pageDots\": true,\n            \"rightToLeft\": false,\n            \"draggable\": true,\n            \"selectedAttraction\": 0.1,\n            \"parallax\" : 0,\n            \"friction\": 0.6        }'\n        >\n        \n\n\t<div class=\"img has-hover x md-x lg-x y md-y lg-y\" id=\"image_1417078714\">\n\t\t\t\t\t\t\t\t<div class=\"img-inner dark\" >\n\t\t\t<img loading=\"lazy\" decoding=\"async\" width=\"1020\" height=\"598\" src=\"https:\/\/visit-anagram.de\/wp-content\/uploads\/2023\/07\/anagram_prodiukabbildungen_slider2A.png\" class=\"attachment-large size-large\" alt=\"\" srcset=\"https:\/\/visit-anagram.de\/wp-content\/uploads\/2023\/07\/anagram_prodiukabbildungen_slider2A.png 1024w, https:\/\/visit-anagram.de\/wp-content\/uploads\/2023\/07\/anagram_prodiukabbildungen_slider2A-683x400.png 683w, https:\/\/visit-anagram.de\/wp-content\/uploads\/2023\/07\/anagram_prodiukabbildungen_slider2A-768x450.png 768w\" sizes=\"auto, (max-width: 1020px) 100vw, 1020px\" \/>\t\t\t\t\t\t\n\t\t\t\t\t<\/div>\n\t\t\t\t\t\t\t\t\n<style>\n#image_1417078714 {\n  width: 100%;\n}\n<\/style>\n\t<\/div>\n\t\n\n\t<div class=\"img has-hover x md-x lg-x y md-y lg-y\" id=\"image_243075100\">\n\t\t\t\t\t\t\t\t<div class=\"img-inner dark\" >\n\t\t\t<img loading=\"lazy\" decoding=\"async\" width=\"1020\" height=\"598\" src=\"https:\/\/visit-anagram.de\/wp-content\/uploads\/2023\/07\/anagram_prodiukabbildungen_slider2C.png\" class=\"attachment-large size-large\" alt=\"\" srcset=\"https:\/\/visit-anagram.de\/wp-content\/uploads\/2023\/07\/anagram_prodiukabbildungen_slider2C.png 1024w, https:\/\/visit-anagram.de\/wp-content\/uploads\/2023\/07\/anagram_prodiukabbildungen_slider2C-683x400.png 683w, https:\/\/visit-anagram.de\/wp-content\/uploads\/2023\/07\/anagram_prodiukabbildungen_slider2C-768x450.png 768w\" sizes=\"auto, (max-width: 1020px) 100vw, 1020px\" \/>\t\t\t\t\t\t\n\t\t\t\t\t<\/div>\n\t\t\t\t\t\t\t\t\n<style>\n#image_243075100 {\n  width: 100%;\n}\n<\/style>\n\t<\/div>\n\t\n\n\t<div class=\"img has-hover x md-x lg-x y md-y lg-y\" id=\"image_1647758202\">\n\t\t\t\t\t\t\t\t<div class=\"img-inner dark\" >\n\t\t\t<img loading=\"lazy\" decoding=\"async\" width=\"1020\" height=\"598\" src=\"https:\/\/visit-anagram.de\/wp-content\/uploads\/2023\/07\/anagram_prodiukabbildungen_slider2B.png\" class=\"attachment-large size-large\" alt=\"\" srcset=\"https:\/\/visit-anagram.de\/wp-content\/uploads\/2023\/07\/anagram_prodiukabbildungen_slider2B.png 1024w, https:\/\/visit-anagram.de\/wp-content\/uploads\/2023\/07\/anagram_prodiukabbildungen_slider2B-683x400.png 683w, https:\/\/visit-anagram.de\/wp-content\/uploads\/2023\/07\/anagram_prodiukabbildungen_slider2B-768x450.png 768w\" sizes=\"auto, (max-width: 1020px) 100vw, 1020px\" \/>\t\t\t\t\t\t\n\t\t\t\t\t<\/div>\n\t\t\t\t\t\t\t\t\n<style>\n#image_1647758202 {\n  width: 100%;\n}\n<\/style>\n\t<\/div>\n\t\n\n\n     <\/div>\n\n     <div class=\"loading-spin dark large centered\"><\/div>\n\n\t<\/div>\n\n\n\n\t\t<\/div>\n\n\t\t\n<style>\n#section_1116667630 {\n  padding-top: 30px;\n  padding-bottom: 30px;\n}\n<\/style>\n\t<\/section>\n\t\n<div class=\"row align-equal align-center\"  id=\"row-447026335\">\n\n\n\t<div id=\"col-166169237\" class=\"col medium-8 small-12 large-8\"  >\n\t\t\t\t<div class=\"col-inner\"  >\n\t\t\t\n\t\t\t\n\n\t<div id=\"text-2021281538\" class=\"text\">\n\t\t\n\n<div>Hochwertige Produktdarstellungen (Packshots) werden immer wichtiger f\u00fcr Markenauftritt, Online Shopping, e-Commerce und Marketing. Sie sind der Hingucker in der Shop Galerie und gewinnen immer mehr an Aufmerksamkeit. Der Webauftritt wird f\u00fcr Kunden zum ersten Kontaktpunkt mit Produkten und ersetzt das klassische Ladenregal im Gesch\u00e4ft vor Ort. Wir erstellen professionelle Packshots entsprechend Norm-Vorgaben wie beispielsweise GDSN oder Markant.<\/div>\n<p><br \/><br \/><\/p>\n\t\t\n<style>\n#text-2021281538 {\n  text-align: center;\n}\n<\/style>\n\t<\/div>\n\t\n\t<div id=\"gap-1458064421\" class=\"gap-element clearfix\" style=\"display:block; height:auto;\">\n\t\t\n<style>\n#gap-1458064421 {\n  padding-top: 30px;\n}\n<\/style>\n\t<\/div>\n\t\n\n\t<div id=\"stack-1115320516\" class=\"stack stack-col justify-start items-stretch\">\n\t\t\n\n<a class=\"button secondary\"  >\n\t\t<span>jetzt individuelles Angebot anfragen<\/span>\n\t<\/a>\n\n\n\n\t\t\n<style>\n#stack-1115320516 > * {\n  --stack-gap: 0rem;\n}\n<\/style>\n\t<\/div>\n\t\n\n\t\t<\/div>\n\t\t\t\t\t<\/div>\n\n\t\n\n<\/div>\n\t<div id=\"text-4116248875\" class=\"text\">\n\t\t\n\n<h2 class=\"uppercase\">HOCHWERTIGE Packshots nach Vorgaben<\/h2>\n\t\t\n<style>\n#text-4116248875 {\n  text-align: center;\n}\n<\/style>\n\t<\/div>\n\t\n<div class=\"row align-equal align-center\"  id=\"row-78347763\">\n\n\n\t<div id=\"col-1775848968\" class=\"col medium-8 small-12 large-8\"  >\n\t\t\t\t<div class=\"col-inner\"  >\n\t\t\t\n\t\t\t\n\n\t<div id=\"text-2474089828\" class=\"text\">\n\t\t\n\n<div>GDSN (Global Data Synchronisation Network Konformit\u00e4t) ist das aktuell wichtigste Format neben Amazon. Wir erstellen Packshots entsprechend dieser Vorgaben und speichern diese mit den richtigen Spezifikationen.<\/div>\n\t\t\n<style>\n#text-2474089828 {\n  text-align: center;\n}\n<\/style>\n\t<\/div>\n\t\n\n\t\t<\/div>\n\t\t\t\t\t<\/div>\n\n\t\n\n<\/div>\n<div class=\"row\"  id=\"row-108186673\">\n\n\n\t<div id=\"col-454820871\" class=\"col medium-3 small-6 large-3\"  >\n\t\t\t\t<div class=\"col-inner\"  >\n\t\t\t\n\t\t\t\n\n\t<div class=\"img has-hover x md-x lg-x y md-y lg-y\" id=\"image_1779039837\">\n\t\t\t\t\t\t\t\t<div class=\"img-inner dark\" >\n\t\t\t<img loading=\"lazy\" decoding=\"async\" width=\"320\" height=\"500\" src=\"https:\/\/visit-anagram.de\/wp-content\/uploads\/2023\/07\/anagram_packshot_row_bar1_motiv1B.jpg\" class=\"attachment-large size-large\" alt=\"\" srcset=\"https:\/\/visit-anagram.de\/wp-content\/uploads\/2023\/07\/anagram_packshot_row_bar1_motiv1B.jpg 320w, https:\/\/visit-anagram.de\/wp-content\/uploads\/2023\/07\/anagram_packshot_row_bar1_motiv1B-256x400.jpg 256w\" sizes=\"auto, (max-width: 320px) 100vw, 320px\" \/>\t\t\t\t\t\t\n\t\t\t\t\t<\/div>\n\t\t\t\t\t\t\t\t\n<style>\n#image_1779039837 {\n  width: 100%;\n}\n<\/style>\n\t<\/div>\n\t\n\n\n\t\t<\/div>\n\t\t\t\t\t<\/div>\n\n\t\n\n\t<div id=\"col-1736283199\" class=\"col medium-3 small-6 large-3\"  >\n\t\t\t\t<div class=\"col-inner\"  >\n\t\t\t\n\t\t\t\n\n\t<div class=\"img has-hover x md-x lg-x y md-y lg-y\" id=\"image_340529751\">\n\t\t\t\t\t\t\t\t<div class=\"img-inner dark\" >\n\t\t\t<img loading=\"lazy\" decoding=\"async\" width=\"320\" height=\"500\" src=\"https:\/\/visit-anagram.de\/wp-content\/uploads\/2023\/07\/anagram_packshot_row_bar1_motiv2.jpg\" class=\"attachment-large size-large\" alt=\"\" srcset=\"https:\/\/visit-anagram.de\/wp-content\/uploads\/2023\/07\/anagram_packshot_row_bar1_motiv2.jpg 320w, https:\/\/visit-anagram.de\/wp-content\/uploads\/2023\/07\/anagram_packshot_row_bar1_motiv2-256x400.jpg 256w\" sizes=\"auto, (max-width: 320px) 100vw, 320px\" \/>\t\t\t\t\t\t\n\t\t\t\t\t<\/div>\n\t\t\t\t\t\t\t\t\n<style>\n#image_340529751 {\n  width: 100%;\n}\n<\/style>\n\t<\/div>\n\t\n\n\n\t\t<\/div>\n\t\t\t\t\t<\/div>\n\n\t\n\n\t<div id=\"col-946005985\" class=\"col medium-3 small-6 large-3\"  >\n\t\t\t\t<div class=\"col-inner\"  >\n\t\t\t\n\t\t\t\n\n\t<div class=\"img has-hover x md-x lg-x y md-y lg-y\" id=\"image_1680676267\">\n\t\t\t\t\t\t\t\t<div class=\"img-inner dark\" >\n\t\t\t<img loading=\"lazy\" decoding=\"async\" width=\"320\" height=\"500\" src=\"https:\/\/visit-anagram.de\/wp-content\/uploads\/2023\/07\/anagram_packshot_row_bar1_motiv3.jpg\" class=\"attachment-large size-large\" alt=\"\" srcset=\"https:\/\/visit-anagram.de\/wp-content\/uploads\/2023\/07\/anagram_packshot_row_bar1_motiv3.jpg 320w, https:\/\/visit-anagram.de\/wp-content\/uploads\/2023\/07\/anagram_packshot_row_bar1_motiv3-256x400.jpg 256w\" sizes=\"auto, (max-width: 320px) 100vw, 320px\" \/>\t\t\t\t\t\t\n\t\t\t\t\t<\/div>\n\t\t\t\t\t\t\t\t\n<style>\n#image_1680676267 {\n  width: 100%;\n}\n<\/style>\n\t<\/div>\n\t\n\n\n\t\t<\/div>\n\t\t\t\t\t<\/div>\n\n\t\n\n\t<div id=\"col-1327969313\" class=\"col medium-3 small-6 large-3\"  >\n\t\t\t\t<div class=\"col-inner\"  >\n\t\t\t\n\t\t\t\n\n\t<div class=\"img has-hover x md-x lg-x y md-y lg-y\" id=\"image_94074642\">\n\t\t\t\t\t\t\t\t<div class=\"img-inner dark\" >\n\t\t\t<img loading=\"lazy\" decoding=\"async\" width=\"320\" height=\"500\" src=\"https:\/\/visit-anagram.de\/wp-content\/uploads\/2023\/07\/anagram_packshot_row_bar1_motiv4.jpg\" class=\"attachment-large size-large\" alt=\"\" srcset=\"https:\/\/visit-anagram.de\/wp-content\/uploads\/2023\/07\/anagram_packshot_row_bar1_motiv4.jpg 320w, https:\/\/visit-anagram.de\/wp-content\/uploads\/2023\/07\/anagram_packshot_row_bar1_motiv4-256x400.jpg 256w\" sizes=\"auto, (max-width: 320px) 100vw, 320px\" \/>\t\t\t\t\t\t\n\t\t\t\t\t<\/div>\n\t\t\t\t\t\t\t\t\n<style>\n#image_94074642 {\n  width: 100%;\n}\n<\/style>\n\t<\/div>\n\t\n\n\n\t\t<\/div>\n\t\t\t\t\t<\/div>\n\n\t\n\n<\/div>\n<div class=\"row\"  id=\"row-1189055385\">\n\n\n\t<div id=\"col-754263390\" class=\"col medium-4 small-12 large-4\"  >\n\t\t\t\t<div class=\"col-inner\"  >\n\t\t\t\n\t\t\t\n\n\t<div id=\"text-1402014406\" class=\"text\">\n\t\t\n\n<h3>GDSN Konform<\/h3>\n\t\t\n<style>\n#text-1402014406 {\n  text-align: center;\n  color: #a1c144;\n}\n#text-1402014406 > * {\n  color: #a1c144;\n}\n<\/style>\n\t<\/div>\n\t\n\t<div id=\"text-4096959457\" class=\"text\">\n\t\t\n\n<h3>ma\u00dfgeschneidert<\/h3>\n\t\t\n<style>\n#text-4096959457 {\n  text-align: center;\n  color: #a1c144;\n}\n#text-4096959457 > * {\n  color: #a1c144;\n}\n<\/style>\n\t<\/div>\n\t\n\n\t\t<\/div>\n\t\t\t\t\t<\/div>\n\n\t\n\n\t<div id=\"col-1034613421\" class=\"col medium-4 small-12 large-4\"  >\n\t\t\t\t<div class=\"col-inner\"  >\n\t\t\t\n\t\t\t\n\n\t<div id=\"text-82080841\" class=\"text\">\n\t\t\n\n<h3>hochwertig<\/h3>\n\t\t\n<style>\n#text-82080841 {\n  text-align: center;\n  color: #a1c144;\n}\n#text-82080841 > * {\n  color: #a1c144;\n}\n<\/style>\n\t<\/div>\n\t\n\t<div id=\"text-434088106\" class=\"text\">\n\t\t\n\n<h3>Briefing konform<\/h3>\n\t\t\n<style>\n#text-434088106 {\n  text-align: center;\n  color: #a1c144;\n}\n#text-434088106 > * {\n  color: #a1c144;\n}\n<\/style>\n\t<\/div>\n\t\n\n\t\t<\/div>\n\t\t\t\t\t<\/div>\n\n\t\n\n\t<div id=\"col-451173466\" class=\"col medium-4 small-12 large-4\"  >\n\t\t\t\t<div class=\"col-inner\"  >\n\t\t\t\n\t\t\t\n\n\t<div id=\"text-2823229746\" class=\"text\">\n\t\t\n\n<h3>professionell<\/h3>\n\t\t\n<style>\n#text-2823229746 {\n  text-align: center;\n  color: #a1c144;\n}\n#text-2823229746 > * {\n  color: #a1c144;\n}\n<\/style>\n\t<\/div>\n\t\n\t<div id=\"text-1482680775\" class=\"text\">\n\t\t\n\n<h3>universell einsetzbar<\/h3>\n\t\t\n<style>\n#text-1482680775 {\n  text-align: center;\n  color: #a1c144;\n}\n#text-1482680775 > * {\n  color: #a1c144;\n}\n<\/style>\n\t<\/div>\n\t\n\n\t\t<\/div>\n\t\t\t\t\t<\/div>\n\n\t\n\n<\/div>\n<div class=\"row row-collapse row-full-width align-equal\"  id=\"row-573452796\">\n\n\n\t<div id=\"col-1547499178\" class=\"col medium-6 large-6\"  >\n\t\t\t\t<div class=\"col-inner\" style=\"background-color:rgb(254, 238, 226);\" >\n\t\t\t\n\t\t\t\n\n\t<div class=\"img has-hover x md-x lg-x y md-y lg-y\" id=\"image_1927359048\">\n\t\t\t\t\t\t\t\t<div class=\"img-inner dark\" >\n\t\t\t<img loading=\"lazy\" decoding=\"async\" width=\"650\" height=\"550\" src=\"https:\/\/visit-anagram.de\/wp-content\/uploads\/2023\/08\/anagram_packshot_online.jpg\" class=\"attachment-large size-large\" alt=\"\" srcset=\"https:\/\/visit-anagram.de\/wp-content\/uploads\/2023\/08\/anagram_packshot_online.jpg 650w, https:\/\/visit-anagram.de\/wp-content\/uploads\/2023\/08\/anagram_packshot_online-473x400.jpg 473w\" sizes=\"auto, (max-width: 650px) 100vw, 650px\" \/>\t\t\t\t\t\t\n\t\t\t\t\t<\/div>\n\t\t\t\t\t\t\t\t\n<style>\n#image_1927359048 {\n  width: 100%;\n}\n<\/style>\n\t<\/div>\n\t\n\n\t<div id=\"text-3607602749\" class=\"text\">\n\t\t\n\n<p style=\"margin:20px\"  >DIGITAL | AMAZON | GOOGLE<br \/>\nNeben der Produktabbildung f\u00fcr Endverbraucher z\u00e4hlen aktuell Mood- und Ambiente-Bilder, sowie Detailansichten und Produktbilder, die die Benefits in den Vordergrund stellen, als ma\u00dfgebend. Hier unterscheiden sich Bilder f\u00fcr Amazon und Bilder f\u00fcr die GS1 Bilddatenbanken in ihrem Aufbau und den Sehgewohnheiten. Wir liefern beide Varianten.  <\/p>\n\t\t\n<style>\n#text-3607602749 {\n  text-align: left;\n}\n<\/style>\n\t<\/div>\n\t\n\n\t\t<\/div>\n\t\t\t\t\t<\/div>\n\n\t\n\n\t<div id=\"col-467445668\" class=\"col medium-6 large-6\"  >\n\t\t\t\t<div class=\"col-inner\" style=\"background-color:rgb(253, 235, 230);\" >\n\t\t\t\n\t\t\t\n\n\t<div class=\"img has-hover x md-x lg-x y md-y lg-y\" id=\"image_502772471\">\n\t\t\t\t\t\t\t\t<div class=\"img-inner dark\" >\n\t\t\t<img loading=\"lazy\" decoding=\"async\" width=\"650\" height=\"550\" src=\"https:\/\/visit-anagram.de\/wp-content\/uploads\/2023\/08\/anagram_packshot_print.jpg\" class=\"attachment-large size-large\" alt=\"\" srcset=\"https:\/\/visit-anagram.de\/wp-content\/uploads\/2023\/08\/anagram_packshot_print.jpg 650w, https:\/\/visit-anagram.de\/wp-content\/uploads\/2023\/08\/anagram_packshot_print-473x400.jpg 473w\" sizes=\"auto, (max-width: 650px) 100vw, 650px\" \/>\t\t\t\t\t\t\n\t\t\t\t\t<\/div>\n\t\t\t\t\t\t\t\t\n<style>\n#image_502772471 {\n  width: 100%;\n}\n<\/style>\n\t<\/div>\n\t\n\n<p style=\"margin:20px\" >PROSPEKT | ANZEIGE | PLAKAT<br \/>\nIn den letzten Jahren sind Kampagnen mit gro\u00dfen Packshots im Mittelpunkt immer beliebter geworden. Steht das Produkt dabei plakativ im Fokus der Aufmerksamkeit, muss auch eine einfache Verpackung aussehen, wie ein Superstar. Wir k\u00fcmmern uns darum und r\u00fccken Ihr Produkt in das richtige Licht f\u00fcr den gro\u00dfen Auftritt.<\/p>\n\n\t\t<\/div>\n\t\t\t\t\t<\/div>\n\n\t\n\n<\/div>\n\t<div id=\"gap-1585676633\" class=\"gap-element clearfix\" style=\"display:block; height:auto;\">\n\t\t\n<style>\n#gap-1585676633 {\n  padding-top: 30px;\n}\n<\/style>\n\t<\/div>\n\t\n\n\t<div id=\"text-3831315608\" class=\"text\">\n\t\t\n\n<h2 class=\"uppercase\">VON ANFANG AN MITGEDACHT<br \/>\nEIN MASTER PACKSHOT F\u00dcR ALLES<\/h2>\n\t\t\n<style>\n#text-3831315608 {\n  text-align: center;\n}\n<\/style>\n\t<\/div>\n\t\n<div class=\"row align-equal align-center\"  id=\"row-459724375\">\n\n\n\t<div id=\"col-1529239171\" class=\"col medium-8 small-12 large-8\"  >\n\t\t\t\t<div class=\"col-inner\"  >\n\t\t\t\n\t\t\t\n\n\t<div id=\"text-351949938\" class=\"text\">\n\t\t\n\n<div>\n<div>Wenn der Packshot eines Produktes neu erstellt wird, macht es Sinn diesen als universell verwendbaren Master anzulegen. Damit Adaptionen sowohl im digitalen Bereich, wie auch im Print, einfach anzulegen sind.<\/div>\n<div>\u00a0<\/div>\n<div>Wir pr\u00fcfen am Anfang gemeinsam mit Ihnen, wof\u00fcr Sie den Packshot verwenden m\u00f6chten, und was f\u00fcr ein Format f\u00fcr den entsprechenden Master geeignet ist.<\/div>\n<\/div>\n\t\t\n<style>\n#text-351949938 {\n  text-align: center;\n}\n<\/style>\n\t<\/div>\n\t\n\n\t\t<\/div>\n\t\t\t\t\t<\/div>\n\n\t\n\n<\/div>\n<div class=\"row align-equal align-center\"  id=\"row-1009509140\">\n\n\n\t<div id=\"col-1123509346\" class=\"col medium-3 small-12 large-3\"  >\n\t\t\t\t<div class=\"col-inner text-right\"  >\n\t\t\t\n\t\t\t\n\n\t<div class=\"img has-hover x md-x lg-x y md-y lg-y\" id=\"image_885378492\">\n\t\t\t\t\t\t\t\t<div class=\"img-inner dark\" >\n\t\t\t<img loading=\"lazy\" decoding=\"async\" width=\"1\" height=\"1\" src=\"https:\/\/visit-anagram.de\/wp-content\/uploads\/2023\/05\/anagram_design_webseite_skills_massgeschneidert.svg\" class=\"attachment-large size-large\" alt=\"\" \/>\t\t\t\t\t\t\n\t\t\t\t\t<\/div>\n\t\t\t\t\t\t\t\t\n<style>\n#image_885378492 {\n  width: 35%;\n}\n<\/style>\n\t<\/div>\n\t\n\n\n\t\t<\/div>\n\t\t\t\t\t<\/div>\n\n\t\n\n\t<div id=\"col-319125594\" class=\"col medium-6 small-12 large-6\"  >\n\t\t\t\t<div class=\"col-inner\"  >\n\t\t\t\n\t\t\t\n\n\t<div id=\"text-958304590\" class=\"text\">\n\t\t\n\n<p>Lorem ipsum dolor sit amet, consectetuer adipiscing elit, sed diam nonummy nibh euismod tincidunt ut laoreet dolore magna aliquam erat volutpat.<\/p>\n\t\t\n<style>\n#text-958304590 {\n  color: rgb(255, 12, 12);\n}\n#text-958304590 > * {\n  color: rgb(255, 12, 12);\n}\n<\/style>\n\t<\/div>\n\t\n\n\t\t<\/div>\n\t\t\t\t\t<\/div>\n\n\t\n\n<\/div>\n\t<div id=\"text-1390932668\" class=\"text\">\n\t\t\n\n<h2 class=\"uppercase\">HEADLINE IS A MESSAGE PLATZ HALTERTEXT.<\/p>\n<\/h2>\n\t\t\n<style>\n#text-1390932668 {\n  text-align: center;\n  color: rgb(255, 0, 0);\n}\n#text-1390932668 > * {\n  color: rgb(255, 0, 0);\n}\n<\/style>\n\t<\/div>\n\t\n<div class=\"row\"  id=\"row-1062267102\">\n\n\n\t<div id=\"col-801349563\" class=\"col medium-3 small-6 large-3\"  >\n\t\t\t\t<div class=\"col-inner\"  >\n\t\t\t\n\t\t\t\n\n<div class=\"uxb-no-content uxb-image\">Upload Image...<\/div>\n\n\t<div id=\"text-131870905\" class=\"text\">\n\t\t\n\n<h2>GALLERY<\/h2>\n\t\t\n<style>\n#text-131870905 {\n  text-align: center;\n}\n<\/style>\n\t<\/div>\n\t\n\n\t\t<\/div>\n\t\t\t\t\t<\/div>\n\n\t\n\n\t<div id=\"col-1263575709\" class=\"col medium-3 small-6 large-3\"  >\n\t\t\t\t<div class=\"col-inner\"  >\n\t\t\t\n\t\t\t\n\n\t<div class=\"img has-hover x md-x lg-x y md-y lg-y\" id=\"image_1285104320\">\n\t\t\t\t\t\t\t\t<div class=\"img-inner dark\" >\n\t\t\t<img loading=\"lazy\" decoding=\"async\" width=\"320\" height=\"415\" src=\"https:\/\/visit-anagram.de\/wp-content\/uploads\/2023\/07\/anagram_website_packshot_kategorie2.jpg\" class=\"attachment-large size-large\" alt=\"\" srcset=\"https:\/\/visit-anagram.de\/wp-content\/uploads\/2023\/07\/anagram_website_packshot_kategorie2.jpg 320w, https:\/\/visit-anagram.de\/wp-content\/uploads\/2023\/07\/anagram_website_packshot_kategorie2-308x400.jpg 308w\" sizes=\"auto, (max-width: 320px) 100vw, 320px\" \/>\t\t\t\t\t\t\n\t\t\t\t\t<\/div>\n\t\t\t\t\t\t\t\t\n<style>\n#image_1285104320 {\n  width: 100%;\n}\n<\/style>\n\t<\/div>\n\t\n\n\t<div id=\"text-1603772400\" class=\"text\">\n\t\t\n\n<h2>COMPOSING<\/h2>\n\t\t\n<style>\n#text-1603772400 {\n  text-align: center;\n}\n<\/style>\n\t<\/div>\n\t\n\n\t\t<\/div>\n\t\t\t\t\t<\/div>\n\n\t\n\n\t<div id=\"col-429913892\" class=\"col medium-3 small-6 large-3\"  >\n\t\t\t\t<div class=\"col-inner\"  >\n\t\t\t\n\t\t\t\n\n\t<div class=\"img has-hover x md-x lg-x y md-y lg-y\" id=\"image_791650308\">\n\t\t\t\t\t\t\t\t<div class=\"img-inner dark\" >\n\t\t\t<img loading=\"lazy\" decoding=\"async\" width=\"320\" height=\"415\" src=\"https:\/\/visit-anagram.de\/wp-content\/uploads\/2023\/07\/anagram_website_packshot_kategorie3.jpg\" class=\"attachment-large size-large\" alt=\"\" srcset=\"https:\/\/visit-anagram.de\/wp-content\/uploads\/2023\/07\/anagram_website_packshot_kategorie3.jpg 320w, https:\/\/visit-anagram.de\/wp-content\/uploads\/2023\/07\/anagram_website_packshot_kategorie3-308x400.jpg 308w\" sizes=\"auto, (max-width: 320px) 100vw, 320px\" \/>\t\t\t\t\t\t\n\t\t\t\t\t<\/div>\n\t\t\t\t\t\t\t\t\n<style>\n#image_791650308 {\n  width: 100%;\n}\n<\/style>\n\t<\/div>\n\t\n\n\t<div id=\"text-578470430\" class=\"text\">\n\t\t\n\n<h2>AMBIENT<\/h2>\n\t\t\n<style>\n#text-578470430 {\n  text-align: center;\n}\n<\/style>\n\t<\/div>\n\t\n\n\t\t<\/div>\n\t\t\t\t\t<\/div>\n\n\t\n\n\t<div id=\"col-1206671902\" class=\"col medium-3 small-6 large-3\"  >\n\t\t\t\t<div class=\"col-inner\"  >\n\t\t\t\n\t\t\t\n\n<div class=\"uxb-no-content uxb-image\">Upload Image...<\/div>\n\n\t<div id=\"text-3791798346\" class=\"text\">\n\t\t\n\n<h2>BENEFITS<\/h2>\n\t\t\n<style>\n#text-3791798346 {\n  text-align: center;\n}\n<\/style>\n\t<\/div>\n\t\n\n\t\t<\/div>\n\t\t\t\t\t<\/div>\n\n\t\n\n<\/div>\n\n","protected":false},"excerpt":{"rendered":"","protected":false},"author":1,"featured_media":0,"parent":290,"menu_order":0,"comment_status":"closed","ping_status":"closed","template":"","meta":{"footnotes":""},"class_list":["post-1797","page","type-page","status-publish","hentry"],"_links":{"self":[{"href":"https:\/\/visit-anagram.de\/de\/wp-json\/wp\/v2\/pages\/1797","targetHints":{"allow":["GET"]}}],"collection":[{"href":"https:\/\/visit-anagram.de\/de\/wp-json\/wp\/v2\/pages"}],"about":[{"href":"https:\/\/visit-anagram.de\/de\/wp-json\/wp\/v2\/types\/page"}],"author":[{"embeddable":true,"href":"https:\/\/visit-anagram.de\/de\/wp-json\/wp\/v2\/users\/1"}],"replies":[{"embeddable":true,"href":"https:\/\/visit-anagram.de\/de\/wp-json\/wp\/v2\/comments?post=1797"}],"version-history":[{"count":11,"href":"https:\/\/visit-anagram.de\/de\/wp-json\/wp\/v2\/pages\/1797\/revisions"}],"predecessor-version":[{"id":1858,"href":"https:\/\/visit-anagram.de\/de\/wp-json\/wp\/v2\/pages\/1797\/revisions\/1858"}],"up":[{"embeddable":true,"href":"https:\/\/visit-anagram.de\/de\/wp-json\/wp\/v2\/pages\/290"}],"wp:attachment":[{"href":"https:\/\/visit-anagram.de\/de\/wp-json\/wp\/v2\/media?parent=1797"}],"curies":[{"name":"wp","href":"https:\/\/api.w.org\/{rel}","templated":true}]}}